{"id":1060,"date":"2026-01-12T19:25:13","date_gmt":"2026-01-12T19:25:13","guid":{"rendered":"https:\/\/new.aktek.io\/?page_id=1060"},"modified":"2026-03-10T20:28:00","modified_gmt":"2026-03-10T20:28:00","slug":"terms-of-service","status":"publish","type":"page","link":"https:\/\/aktek.io\/es\/terms-of-service\/","title":{"rendered":"T\u00e9rminos de Servicio"},"content":{"rendered":"<div data-elementor-type=\"wp-page\" data-elementor-id=\"1060\" class=\"elementor elementor-1060\" data-elementor-post-type=\"page\">\n\t\t\t\t<div class=\"elementor-element elementor-element-ab9ab5f e-flex e-con-boxed e-con e-parent\" data-id=\"ab9ab5f\" data-element_type=\"container\">\n\t\t\t\t\t<div class=\"e-con-inner\">\n\t\t\t\t<div class=\"elementor-element elementor-element-3fbcccc elementor-widget elementor-widget-heading\" data-id=\"3fbcccc\" data-element_type=\"widget\" data-widget_type=\"heading.default\">\n\t\t\t\t\t<h2 class=\"elementor-heading-title elementor-size-default\">T\u00e9rminos de Servicio<\/h2>\t\t\t\t<\/div>\n\t\t\t\t<div class=\"elementor-element elementor-element-c63ba0f elementor-widget elementor-widget-text-editor\" data-id=\"c63ba0f\" data-element_type=\"widget\" data-widget_type=\"text-editor.default\">\n\t\t\t\t\t\t\t\t\t<h3 id=\"terms\"><strong>TERMS<\/strong><\/h3><p>\u00daltima modificaci\u00f3n: 09.02.21<\/p><p>Estos T\u00e9rminos de Servicio (\"T\u00e9rminos de Servicio\") rigen su acceso y uso del sitio web ubicado en https:\/\/aktek.io\/ (el \"Sitio Web\"), incluyendo cualquier contenido, funcionalidad y servicios ofrecidos en o a trav\u00e9s del Sitio Web, y cualquiera de nuestros otros productos o servicios (denominados colectivamente como los \"Servicios\").<\/p><p>Al acceder al sitio web en https:\/\/aktek.io, usted acepta estar sujeto a estos t\u00e9rminos de servicio, a todas las leyes y regulaciones aplicables, y acepta que es responsable del cumplimiento de cualquier ley local aplicable. Si no est\u00e1 de acuerdo con alguno de estos t\u00e9rminos, tiene prohibido usar o acceder a este sitio. Los materiales contenidos en este sitio web est\u00e1n protegidos por las leyes aplicables de derechos de autor y marcas comerciales.<\/p><h3 id=\"use-license\"><strong>LICENCIA DE USO<\/strong><\/h3><p>Se concede permiso para descargar temporalmente una copia de los materiales (informaci\u00f3n o software) en el sitio web de AKTEK Inc para visualizaci\u00f3n transitoria personal y no comercial \u00fanicamente. Esta es la concesi\u00f3n de una licencia, no una transferencia de t\u00edtulo, y bajo esta licencia, usted no puede:<\/p><ul><li>Modificar o copiar los materiales;<\/li><li>Utilizar los materiales para cualquier prop\u00f3sito comercial, o para cualquier exhibici\u00f3n p\u00fablica (comercial o no comercial);<\/li><li>Intentar descompilar o realizar ingenier\u00eda inversa de cualquier software contenido en el sitio web de AKTEK Inc;<\/li><li>Eliminar cualquier derecho de autor u otras notaciones de propiedad de los materiales; o<\/li><li>Transferir los materiales a otra persona o \"reflejar\" (mirror) los materiales en cualquier otro servidor.<\/li><\/ul><p>Esta licencia terminar\u00e1 autom\u00e1ticamente si usted viola cualquiera de estas restricciones y puede ser cancelada por AKTEK Inc en cualquier momento. Al finalizar su visualizaci\u00f3n de estos materiales o tras la terminaci\u00f3n de esta licencia, debe destruir cualquier material descargado que est\u00e9 en su posesi\u00f3n, ya sea en formato electr\u00f3nico o impreso.<\/p><h3 id=\"disclaimer\"><strong>DESCARGO DE RESPONSABILIDAD<\/strong><\/h3><p>Los materiales en el sitio web de AKTEK Inc se proporcionan \"tal cual\". AKTEK Inc no ofrece garant\u00edas, expresas o impl\u00edcitas, y por la presente renuncia y niega todas las dem\u00e1s garant\u00edas, incluyendo, sin limitaci\u00f3n, las garant\u00edas impl\u00edcitas o condiciones de comerciabilidad, idoneidad para un prop\u00f3sito particular, o la no infracci\u00f3n de la propiedad intelectual u otra violaci\u00f3n de derechos.<br \/>Adem\u00e1s, AKTEK Inc no garantiza ni hace ninguna representaci\u00f3n relativa a la exactitud, los resultados probables o la confiabilidad del uso de los materiales en su sitio web o de otra manera relacionada con dichos materiales o en cualquier sitio vinculado a este sitio.<\/p><h3 id=\"limitations\"><strong>LIMITACIONES<\/strong><\/h3><p>En ning\u00fan caso AKTEK Inc o sus proveedores ser\u00e1n responsables de cualquier da\u00f1o (incluyendo, sin limitaci\u00f3n, da\u00f1os por p\u00e9rdida de datos o beneficios, o debido a la interrupci\u00f3n del negocio) que surja del uso o la imposibilidad de usar los materiales en el sitio web de AKTEK Inc, incluso si AKTEK Inc o un representante autorizado de AKTEK Inc ha sido notificado verbalmente o por escrito de la posibilidad de tales da\u00f1os. Debido a que algunas jurisdicciones no permiten limitaciones en las garant\u00edas impl\u00edcitas, o limitaciones de responsabilidad por da\u00f1os consecuentes o incidentales, estas limitaciones pueden no aplicarse a usted.<\/p><h3 id=\"accuracy-of-materials\"><strong>EXACTITUD DE LOS MATERIALES<\/strong><\/h3><p>Los materiales que aparecen en el sitio web de AKTEK Inc podr\u00edan incluir errores t\u00e9cnicos, tipogr\u00e1ficos o fotogr\u00e1ficos. AKTEK Inc no garantiza que ninguno de los materiales en su sitio web sea exacto, completo o actual. AKTEK Inc puede realizar cambios en los materiales contenidos en su sitio web en cualquier momento sin previo aviso. Sin embargo, AKTEK Inc no se compromete a actualizar los materiales.<\/p><h3 id=\"links\"><strong>ENLACES<\/strong><\/h3><p>AKTEK Inc no ha revisado todos los sitios vinculados a su sitio web y no es responsable de los contenidos de ning\u00fan sitio vinculado. La inclusi\u00f3n de cualquier enlace no implica el respaldo de AKTEK Inc al sitio. El uso de cualquier sitio web vinculado es bajo el propio riesgo del usuario.<\/p><h3 id=\"modifications\"><strong>MODIFICACIONES<\/strong><\/h3><p>AKTEK Inc puede revisar estos t\u00e9rminos de servicio para su sitio web en cualquier momento sin previo aviso. Al usar este sitio web, usted acepta estar sujeto a la versi\u00f3n vigente en ese momento de estos t\u00e9rminos de servicio.<\/p><h3 id=\"governing-laws\"><strong>LEYES APLICABLES<\/strong><\/h3><p>These terms and conditions are governed by and construed in accordance with the laws of Delaware, USA and you irrevocably submit to the exclusive jurisdiction of the Delaware Courts.<\/p>\t\t\t\t\t\t\t\t<\/div>\n\t\t\t\t\t<\/div>\n\t\t\t\t<\/div>\n\t\t\t\t<\/div>","protected":false},"excerpt":{"rendered":"<p>Terms of Service TERMS Last modified 09.02.21 These Terms of Service (\u201cTerms of Service\u201d) govern your access to and use of the website located at https:\/\/aktek.io\/ (the \u201cWebsite\u201d), including any content, functionality, and services offered on or through the Website, and any of our other products or services (collectively referred to as the \u201cServices\u201d). By &#8230; <a title=\"T\u00e9rminos de Servicio\" class=\"read-more\" href=\"https:\/\/aktek.io\/es\/terms-of-service\/\" aria-label=\"Leer m\u00e1s sobre Terms of Service\">Leer m\u00e1s<\/a><\/p>","protected":false},"author":1,"featured_media":0,"parent":0,"menu_order":0,"comment_status":"closed","ping_status":"closed","template":"","meta":{"_acf_changed":false,"footnotes":""},"class_list":["post-1060","page","type-page","status-publish"],"acf":[],"yoast_head":"<!-- This site is optimized with the Yoast SEO Premium plugin v26.6 (Yoast SEO v26.6) - https:\/\/yoast.com\/wordpress\/plugins\/seo\/ -->\n<title>Terms of Service - AKTEK<\/title>\n<meta name=\"robots\" content=\"index, follow, max-snippet:-1, max-image-preview:large, max-video-preview:-1\" \/>\n<link rel=\"canonical\" href=\"https:\/\/aktek.io\/es\/terms-of-service\/\" \/>\n<meta property=\"og:locale\" content=\"es_ES\" \/>\n<meta property=\"og:type\" content=\"article\" \/>\n<meta property=\"og:title\" content=\"Terms of Service\" \/>\n<meta property=\"og:description\" content=\"Terms of Service TERMS Last modified 09.02.21 These Terms of Service (\u201cTerms of Service\u201d) govern your access to and use of the website located at https:\/\/aktek.io\/ (the \u201cWebsite\u201d), including any content, functionality, and services offered on or through the Website, and any of our other products or services (collectively referred to as the \u201cServices\u201d). By ... Leer m\u00e1s\" \/>\n<meta property=\"og:url\" content=\"https:\/\/aktek.io\/es\/terms-of-service\/\" \/>\n<meta property=\"og:site_name\" content=\"AKTEK\" \/>\n<meta property=\"article:modified_time\" content=\"2026-03-10T20:28:00+00:00\" \/>\n<meta name=\"twitter:card\" content=\"summary_large_image\" \/>\n<meta name=\"twitter:label1\" content=\"Tiempo de lectura\" \/>\n\t<meta name=\"twitter:data1\" content=\"3 minutos\" \/>\n<script type=\"application\/ld+json\" class=\"yoast-schema-graph\">{\"@context\":\"https:\/\/schema.org\",\"@graph\":[{\"@type\":\"WebPage\",\"@id\":\"https:\/\/aktek.io\/terms-of-service\/\",\"url\":\"https:\/\/aktek.io\/terms-of-service\/\",\"name\":\"Terms of Service - AKTEK\",\"isPartOf\":{\"@id\":\"https:\/\/www.aktek.io\/#website\"},\"datePublished\":\"2026-01-12T19:25:13+00:00\",\"dateModified\":\"2026-03-10T20:28:00+00:00\",\"breadcrumb\":{\"@id\":\"https:\/\/aktek.io\/terms-of-service\/#breadcrumb\"},\"inLanguage\":\"es\",\"potentialAction\":[{\"@type\":\"ReadAction\",\"target\":[\"https:\/\/aktek.io\/terms-of-service\/\"]}]},{\"@type\":\"BreadcrumbList\",\"@id\":\"https:\/\/aktek.io\/terms-of-service\/#breadcrumb\",\"itemListElement\":[{\"@type\":\"ListItem\",\"position\":1,\"name\":\"Home\",\"item\":\"https:\/\/aktek.io\/\"},{\"@type\":\"ListItem\",\"position\":2,\"name\":\"Terms of Service\"}]},{\"@type\":\"WebSite\",\"@id\":\"https:\/\/www.aktek.io\/#website\",\"url\":\"https:\/\/www.aktek.io\/\",\"name\":\"AKTEK\",\"description\":\"Advanced intelligence and technology solutions to protect people, assets, and operations.\",\"potentialAction\":[{\"@type\":\"SearchAction\",\"target\":{\"@type\":\"EntryPoint\",\"urlTemplate\":\"https:\/\/www.aktek.io\/?s={search_term_string}\"},\"query-input\":{\"@type\":\"PropertyValueSpecification\",\"valueRequired\":true,\"valueName\":\"search_term_string\"}}],\"inLanguage\":\"es\"}]}<\/script>\n<!-- \/ Yoast SEO Premium plugin. -->","yoast_head_json":{"title":"Terms of Service - AKTEK","robots":{"index":"index","follow":"follow","max-snippet":"max-snippet:-1","max-image-preview":"max-image-preview:large","max-video-preview":"max-video-preview:-1"},"canonical":"https:\/\/aktek.io\/es\/terms-of-service\/","og_locale":"es_ES","og_type":"article","og_title":"Terms of Service","og_description":"Terms of Service TERMS Last modified 09.02.21 These Terms of Service (\u201cTerms of Service\u201d) govern your access to and use of the website located at https:\/\/aktek.io\/ (the \u201cWebsite\u201d), including any content, functionality, and services offered on or through the Website, and any of our other products or services (collectively referred to as the \u201cServices\u201d). By ... Leer m\u00e1s","og_url":"https:\/\/aktek.io\/es\/terms-of-service\/","og_site_name":"AKTEK","article_modified_time":"2026-03-10T20:28:00+00:00","twitter_card":"summary_large_image","twitter_misc":{"Tiempo de lectura":"3 minutos"},"schema":{"@context":"https:\/\/schema.org","@graph":[{"@type":"WebPage","@id":"https:\/\/aktek.io\/terms-of-service\/","url":"https:\/\/aktek.io\/terms-of-service\/","name":"Terms of Service - AKTEK","isPartOf":{"@id":"https:\/\/www.aktek.io\/#website"},"datePublished":"2026-01-12T19:25:13+00:00","dateModified":"2026-03-10T20:28:00+00:00","breadcrumb":{"@id":"https:\/\/aktek.io\/terms-of-service\/#breadcrumb"},"inLanguage":"es","potentialAction":[{"@type":"ReadAction","target":["https:\/\/aktek.io\/terms-of-service\/"]}]},{"@type":"BreadcrumbList","@id":"https:\/\/aktek.io\/terms-of-service\/#breadcrumb","itemListElement":[{"@type":"ListItem","position":1,"name":"Home","item":"https:\/\/aktek.io\/"},{"@type":"ListItem","position":2,"name":"Terms of Service"}]},{"@type":"WebSite","@id":"https:\/\/www.aktek.io\/#website","url":"https:\/\/www.aktek.io\/","name":"En AKTEK, nos enorgullecemos de llevar los beneficios del No-Code a la pr\u00f3xima generaci\u00f3n de empresas digitales, sin sacrificar los controles de datos ni los flujos de trabajo avanzados.","description":"Advanced intelligence and technology solutions to protect people, assets, and operations.","potentialAction":[{"@type":"SearchAction","target":{"@type":"EntryPoint","urlTemplate":"https:\/\/www.aktek.io\/?s={search_term_string}"},"query-input":{"@type":"PropertyValueSpecification","valueRequired":true,"valueName":"search_term_string"}}],"inLanguage":"es"}]}},"_links":{"self":[{"href":"https:\/\/aktek.io\/es\/wp-json\/wp\/v2\/pages\/1060","targetHints":{"allow":["GET"]}}],"collection":[{"href":"https:\/\/aktek.io\/es\/wp-json\/wp\/v2\/pages"}],"about":[{"href":"https:\/\/aktek.io\/es\/wp-json\/wp\/v2\/types\/page"}],"author":[{"embeddable":true,"href":"https:\/\/aktek.io\/es\/wp-json\/wp\/v2\/users\/1"}],"replies":[{"embeddable":true,"href":"https:\/\/aktek.io\/es\/wp-json\/wp\/v2\/comments?post=1060"}],"version-history":[{"count":19,"href":"https:\/\/aktek.io\/es\/wp-json\/wp\/v2\/pages\/1060\/revisions"}],"predecessor-version":[{"id":2253,"href":"https:\/\/aktek.io\/es\/wp-json\/wp\/v2\/pages\/1060\/revisions\/2253"}],"wp:attachment":[{"href":"https:\/\/aktek.io\/es\/wp-json\/wp\/v2\/media?parent=1060"}],"curies":[{"name":"wp","href":"https:\/\/api.w.org\/{rel}","templated":true}]}}