{"id":1176,"date":"2026-01-13T05:50:41","date_gmt":"2026-01-13T05:50:41","guid":{"rendered":"https:\/\/new.aktek.io\/?page_id=1176"},"modified":"2026-01-15T16:43:18","modified_gmt":"2026-01-15T16:43:18","slug":"cookie-policy","status":"publish","type":"page","link":"https:\/\/aktek.io\/es\/cookie-policy\/","title":{"rendered":"Cookie Policy"},"content":{"rendered":"<div data-elementor-type=\"wp-page\" data-elementor-id=\"1176\" class=\"elementor elementor-1176\" data-elementor-post-type=\"page\">\n\t\t\t\t<div class=\"elementor-element elementor-element-f135353 e-flex e-con-boxed e-con e-parent\" data-id=\"f135353\" data-element_type=\"container\">\n\t\t\t\t\t<div class=\"e-con-inner\">\n\t\t\t\t<div class=\"elementor-element elementor-element-3763903 elementor-widget elementor-widget-heading\" data-id=\"3763903\" data-element_type=\"widget\" data-widget_type=\"heading.default\">\n\t\t\t\t\t<h2 class=\"elementor-heading-title elementor-size-default\">Cookie Policy<\/h2>\t\t\t\t<\/div>\n\t\t\t\t<div class=\"elementor-element elementor-element-6b769b5 elementor-widget elementor-widget-text-editor\" data-id=\"6b769b5\" data-element_type=\"widget\" data-widget_type=\"text-editor.default\">\n\t\t\t\t\t\t\t\t\t<h3 id=\"overview\"><strong>RESUMEN<\/strong><\/h3><p>\u00daltima modificaci\u00f3n: 09.01.21<\/p><p>Utilizamos cookies para ayudarnos a mejorar su experiencia en nuestro sitio web, https:\/\/aktek.io. Esta pol\u00edtica de cookies forma parte de nuestra pol\u00edtica de privacidad y cubre el uso de cookies entre su dispositivo y nuestro sitio. Tambi\u00e9n proporcionamos informaci\u00f3n b\u00e1sica sobre los servicios de terceros que podemos utilizar en nuestro sitio web, los cuales tambi\u00e9n pueden utilizar cookies como parte de su servicio, aunque estos no est\u00e1n cubiertos por nuestra pol\u00edtica.<br \/>Si no desea aceptar nuestras cookies, debe configurar su navegador para que rechace las cookies de nuestro sitio web, bajo el entendimiento de que es posible que no podamos proporcionarle algunos de los contenidos y servicios deseados.<\/p><p>A nuestra discreci\u00f3n, podemos cambiar nuestra Pol\u00edtica de Cookies en cualquier momento. Cualquier cambio se reflejar\u00e1 aqu\u00ed, por lo que le recomendamos que visite esta p\u00e1gina con regularidad. Tambi\u00e9n notificaremos a nuestros usuarios registrados sobre las actualizaciones de nuestra pol\u00edtica. El uso continuado de este sitio tras cualquier cambio en esta pol\u00edtica se considerar\u00e1 como la aceptaci\u00f3n de nuestras pr\u00e1cticas de cookies tal como se describen.<\/p><h3 id=\"what-is-a-cookie\"><strong>\u00bfQU\u00c9 ES UNA COOKIE?<\/strong><\/h3><p>Una cookie es una peque\u00f1a pieza de datos que un sitio web almacena en su dispositivo cuando usted lo visita, que normalmente contiene informaci\u00f3n sobre el propio sitio web, un n\u00famero de identificaci\u00f3n \u00fanico que permite al sitio web reconocer su navegador cuando regresa, datos adicionales que sirven al prop\u00f3sito de la cookie y la vida \u00fatil de la propia cookie.<\/p><p>Las cookies se utilizan para habilitar ciertas funciones (por ejemplo, iniciar sesi\u00f3n), para rastrear el uso del sitio (por ejemplo, an\u00e1lisis), para almacenar su configuraci\u00f3n de usuario (por ejemplo, zona horaria, preferencias de notificaci\u00f3n) y para personalizar su contenido (por ejemplo, publicidad, idioma).<\/p><p>Las cookies establecidas por el sitio web que est\u00e1 visitando se denominan normalmente \"cookies de origen\" (first-party cookies) y, por lo general, solo rastrean su actividad en ese sitio en particular. Las cookies establecidas por otros sitios y empresas (es decir, terceros) se denominan \"cookies de terceros\" (third-party cookies) y pueden utilizarse para rastrearle en otros sitios web que utilizan el mismo servicio de terceros.<\/p><h3>\u00a0<\/h3><p>Tipos de Cookies y c\u00f3mo las utilizamos<\/p><h4 id=\"essential-cookies\">Cookies Esenciales<\/h4><p>Las cookies esenciales son cruciales para su experiencia en un sitio web, ya que permiten funciones b\u00e1sicas como el inicio de sesi\u00f3n de usuarios, la gesti\u00f3n de cuentas, los carritos de compra y el procesamiento de pagos. Utilizamos cookies esenciales para habilitar ciertas funciones en nuestro sitio web.<\/p><h4 id=\"performance-cookies\">Cookies de Rendimiento<\/h4><p>Las cookies de rendimiento se utilizan para realizar un seguimiento de c\u00f3mo utiliza un sitio web durante su visita, sin recopilar informaci\u00f3n personal sobre usted. Por lo general, esta informaci\u00f3n es an\u00f3nima y se agrega a la informaci\u00f3n rastreada de todos los usuarios del sitio, para ayudar a las empresas a comprender los patrones de uso de los visitantes, identificar y diagnosticar problemas o errores que sus usuarios puedan encontrar, y tomar mejores decisiones estrat\u00e9gicas para mejorar la experiencia general del sitio web de su audiencia. Estas cookies pueden ser establecidas por el sitio web que est\u00e1 visitando (propias) o por servicios de terceros. Utilizamos cookies de rendimiento en nuestro sitio.<\/p><h4 id=\"functionality-cookies\">Cookies de Funcionalidad<\/h4><p>Las cookies de funcionalidad se utilizan para recopilar informaci\u00f3n sobre su dispositivo y cualquier ajuste que pueda configurar en el sitio web que est\u00e1 visitando (como la configuraci\u00f3n de idioma y zona horaria). Con esta informaci\u00f3n, los sitios web pueden proporcionarle contenidos y servicios personalizados, mejorados u optimizados. Estas cookies pueden ser establecidas por el sitio web que est\u00e1 visitando (propias) o por servicios de terceros. Utilizamos cookies de funcionalidad para funciones seleccionadas en nuestro sitio.<\/p><h3 id=\"third-party-cookies-on-our-site\"><strong>COOKIES DE TERCEROS EN NUESTRO SITIO<\/strong><\/h3><p>Podemos emplear a empresas e individuos de terceros en nuestros sitios web; por ejemplo, proveedores de an\u00e1lisis y socios de contenido. Concedemos a estos terceros acceso a informaci\u00f3n seleccionada para realizar tareas espec\u00edficas en nuestro nombre. Tambi\u00e9n pueden establecer cookies de terceros para prestar los servicios que proporcionan. Las cookies de terceros pueden utilizarse para rastrearle en otros sitios web que utilicen el mismo servicio de terceros. Como no tenemos control sobre las cookies de terceros, estas no est\u00e1n cubiertas por la pol\u00edtica de cookies de AKTEK Inc.<\/p><h3 id=\"control-or-opt-out-of-cookies\"><strong>CONTROL O EXCLUSI\u00d3N DE COOKIES<\/strong><\/h3><p>Si no desea aceptar nuestras cookies, puede dar instrucciones a su navegador para que rechace las cookies de nuestro sitio web. La mayor\u00eda de los navegadores est\u00e1n configurados para aceptar cookies de forma predeterminada, pero puede actualizar estos ajustes para rechazar las cookies por completo o para que se le notifique cuando un sitio web intenta establecer o actualizar una cookie. Si navega por sitios web desde varios dispositivos, es posible que tenga que actualizar la configuraci\u00f3n en cada dispositivo individual.<br \/>Aunque algunas cookies pueden bloquearse con poco impacto en su experiencia en un sitio web, el bloqueo de todas las cookies puede significar que no pueda acceder a ciertas caracter\u00edsticas y contenidos en los sitios que visite. Para obtener m\u00e1s informaci\u00f3n sobre las cookies y c\u00f3mo desactivarlas, visite la p\u00e1gina web de la Oficina del Comisionado de Informaci\u00f3n (ICO) sobre cookies:\u00a0<a href=\"https:\/\/ico.org.uk\/for-the-public\/online\/cookies\/\" rel=\"noopener\">https:\/\/ico.org.uk\/for-the-public\/online\/cookies\/<\/a>. Si desea obtener m\u00e1s informaci\u00f3n sobre las cookies y c\u00f3mo gestionarlas, visite\u00a0<a href=\"http:\/\/www.aboutcookies.org\/\">http:\/\/www.aboutcookies.org\/<\/a>.<\/p><h4 id=\"more-information\">M\u00e1s Informaci\u00f3n<\/h4><p>Esperamos que esto le haya aclarado las cosas y, como se ha mencionado anteriormente, si hay algo de lo que no est\u00e1 seguro de si lo necesita o no, normalmente es m\u00e1s seguro dejar las cookies activadas en caso de que interact\u00faen con alguna de las funciones que utiliza en nuestro sitio.<br \/>Sin embargo, si a\u00fan busca m\u00e1s informaci\u00f3n, puede ponerse en contacto con nosotros a trav\u00e9s de enquiries@aktek.io.<\/p>\t\t\t\t\t\t\t\t<\/div>\n\t\t\t\t\t<\/div>\n\t\t\t\t<\/div>\n\t\t\t\t<\/div>","protected":false},"excerpt":{"rendered":"<p>Cookie Policy OVERVIEW Last modified 09.01.21 We use cookies to help us improve your experience of our website, https:\/\/aktek.io. This cookie policy is part of our privacy policy and covers the use of cookies between your device and our site. We also provide basic information on third-party services we may use on our website, which &#8230; <a title=\"Cookie Policy\" class=\"read-more\" href=\"https:\/\/aktek.io\/es\/cookie-policy\/\" aria-label=\"Leer m\u00e1s sobre Cookie Policy\">Leer m\u00e1s<\/a><\/p>","protected":false},"author":1,"featured_media":0,"parent":0,"menu_order":0,"comment_status":"closed","ping_status":"closed","template":"","meta":{"_acf_changed":false,"footnotes":""},"class_list":["post-1176","page","type-page","status-publish"],"acf":[],"yoast_head":"<!-- This site is optimized with the Yoast SEO Premium plugin v26.6 (Yoast SEO v26.6) - https:\/\/yoast.com\/wordpress\/plugins\/seo\/ -->\n<title>Cookie Policy - AKTEK<\/title>\n<meta name=\"robots\" content=\"index, follow, max-snippet:-1, max-image-preview:large, max-video-preview:-1\" \/>\n<link rel=\"canonical\" href=\"https:\/\/www.aktek.io\/cookie-policy\/\" \/>\n<meta property=\"og:locale\" content=\"es_ES\" \/>\n<meta property=\"og:type\" content=\"article\" \/>\n<meta property=\"og:title\" content=\"Cookie Policy\" \/>\n<meta property=\"og:description\" content=\"Cookie Policy OVERVIEW Last modified 09.01.21 We use cookies to help us improve your experience of our website, https:\/\/aktek.io. This cookie policy is part of our privacy policy and covers the use of cookies between your device and our site. We also provide basic information on third-party services we may use on our website, which ... Leer m\u00e1s\" \/>\n<meta property=\"og:url\" content=\"https:\/\/www.aktek.io\/cookie-policy\/\" \/>\n<meta property=\"og:site_name\" content=\"AKTEK\" \/>\n<meta property=\"article:modified_time\" content=\"2026-01-15T16:43:18+00:00\" \/>\n<meta name=\"twitter:card\" content=\"summary_large_image\" \/>\n<meta name=\"twitter:label1\" content=\"Tiempo de lectura\" \/>\n\t<meta name=\"twitter:data1\" content=\"4 minutos\" \/>\n<script type=\"application\/ld+json\" class=\"yoast-schema-graph\">{\"@context\":\"https:\/\/schema.org\",\"@graph\":[{\"@type\":\"WebPage\",\"@id\":\"https:\/\/www.aktek.io\/cookie-policy\/\",\"url\":\"https:\/\/www.aktek.io\/cookie-policy\/\",\"name\":\"Cookie Policy - AKTEK\",\"isPartOf\":{\"@id\":\"https:\/\/www.aktek.io\/#website\"},\"datePublished\":\"2026-01-13T05:50:41+00:00\",\"dateModified\":\"2026-01-15T16:43:18+00:00\",\"breadcrumb\":{\"@id\":\"https:\/\/www.aktek.io\/cookie-policy\/#breadcrumb\"},\"inLanguage\":\"es\",\"potentialAction\":[{\"@type\":\"ReadAction\",\"target\":[\"https:\/\/www.aktek.io\/cookie-policy\/\"]}]},{\"@type\":\"BreadcrumbList\",\"@id\":\"https:\/\/www.aktek.io\/cookie-policy\/#breadcrumb\",\"itemListElement\":[{\"@type\":\"ListItem\",\"position\":1,\"name\":\"Home\",\"item\":\"https:\/\/new.aktek.io\/\"},{\"@type\":\"ListItem\",\"position\":2,\"name\":\"Cookie Policy\"}]},{\"@type\":\"WebSite\",\"@id\":\"https:\/\/www.aktek.io\/#website\",\"url\":\"https:\/\/www.aktek.io\/\",\"name\":\"AKTEK\",\"description\":\"Advanced intelligence and technology solutions to protect people, assets, and operations.\",\"potentialAction\":[{\"@type\":\"SearchAction\",\"target\":{\"@type\":\"EntryPoint\",\"urlTemplate\":\"https:\/\/www.aktek.io\/?s={search_term_string}\"},\"query-input\":{\"@type\":\"PropertyValueSpecification\",\"valueRequired\":true,\"valueName\":\"search_term_string\"}}],\"inLanguage\":\"es\"}]}<\/script>\n<!-- \/ Yoast SEO Premium plugin. -->","yoast_head_json":{"title":"Cookie Policy - AKTEK","robots":{"index":"index","follow":"follow","max-snippet":"max-snippet:-1","max-image-preview":"max-image-preview:large","max-video-preview":"max-video-preview:-1"},"canonical":"https:\/\/www.aktek.io\/cookie-policy\/","og_locale":"es_ES","og_type":"article","og_title":"Cookie Policy","og_description":"Cookie Policy OVERVIEW Last modified 09.01.21 We use cookies to help us improve your experience of our website, https:\/\/aktek.io. This cookie policy is part of our privacy policy and covers the use of cookies between your device and our site. We also provide basic information on third-party services we may use on our website, which ... Leer m\u00e1s","og_url":"https:\/\/www.aktek.io\/cookie-policy\/","og_site_name":"AKTEK","article_modified_time":"2026-01-15T16:43:18+00:00","twitter_card":"summary_large_image","twitter_misc":{"Tiempo de lectura":"4 minutos"},"schema":{"@context":"https:\/\/schema.org","@graph":[{"@type":"WebPage","@id":"https:\/\/www.aktek.io\/cookie-policy\/","url":"https:\/\/www.aktek.io\/cookie-policy\/","name":"Cookie Policy - AKTEK","isPartOf":{"@id":"https:\/\/www.aktek.io\/#website"},"datePublished":"2026-01-13T05:50:41+00:00","dateModified":"2026-01-15T16:43:18+00:00","breadcrumb":{"@id":"https:\/\/www.aktek.io\/cookie-policy\/#breadcrumb"},"inLanguage":"es","potentialAction":[{"@type":"ReadAction","target":["https:\/\/www.aktek.io\/cookie-policy\/"]}]},{"@type":"BreadcrumbList","@id":"https:\/\/www.aktek.io\/cookie-policy\/#breadcrumb","itemListElement":[{"@type":"ListItem","position":1,"name":"Home","item":"https:\/\/new.aktek.io\/"},{"@type":"ListItem","position":2,"name":"Cookie Policy"}]},{"@type":"WebSite","@id":"https:\/\/www.aktek.io\/#website","url":"https:\/\/www.aktek.io\/","name":"En AKTEK, nos enorgullecemos de llevar los beneficios del No-Code a la pr\u00f3xima generaci\u00f3n de empresas digitales, sin sacrificar los controles de datos ni los flujos de trabajo avanzados.","description":"Advanced intelligence and technology solutions to protect people, assets, and operations.","potentialAction":[{"@type":"SearchAction","target":{"@type":"EntryPoint","urlTemplate":"https:\/\/www.aktek.io\/?s={search_term_string}"},"query-input":{"@type":"PropertyValueSpecification","valueRequired":true,"valueName":"search_term_string"}}],"inLanguage":"es"}]}},"_links":{"self":[{"href":"https:\/\/aktek.io\/es\/wp-json\/wp\/v2\/pages\/1176","targetHints":{"allow":["GET"]}}],"collection":[{"href":"https:\/\/aktek.io\/es\/wp-json\/wp\/v2\/pages"}],"about":[{"href":"https:\/\/aktek.io\/es\/wp-json\/wp\/v2\/types\/page"}],"author":[{"embeddable":true,"href":"https:\/\/aktek.io\/es\/wp-json\/wp\/v2\/users\/1"}],"replies":[{"embeddable":true,"href":"https:\/\/aktek.io\/es\/wp-json\/wp\/v2\/comments?post=1176"}],"version-history":[{"count":7,"href":"https:\/\/aktek.io\/es\/wp-json\/wp\/v2\/pages\/1176\/revisions"}],"predecessor-version":[{"id":1691,"href":"https:\/\/aktek.io\/es\/wp-json\/wp\/v2\/pages\/1176\/revisions\/1691"}],"wp:attachment":[{"href":"https:\/\/aktek.io\/es\/wp-json\/wp\/v2\/media?parent=1176"}],"curies":[{"name":"wp","href":"https:\/\/api.w.org\/{rel}","templated":true}]}}