{"id":1183,"date":"2026-01-13T06:12:10","date_gmt":"2026-01-13T06:12:10","guid":{"rendered":"https:\/\/new.aktek.io\/?page_id=1183"},"modified":"2026-03-10T20:26:36","modified_gmt":"2026-03-10T20:26:36","slug":"privacy-policy","status":"publish","type":"page","link":"https:\/\/aktek.io\/es\/privacy-policy\/","title":{"rendered":"Privacy Policy"},"content":{"rendered":"<div data-elementor-type=\"wp-page\" data-elementor-id=\"1183\" class=\"elementor elementor-1183\" data-elementor-post-type=\"page\">\n\t\t\t\t<div class=\"elementor-element elementor-element-c535a6e e-flex e-con-boxed e-con e-parent\" data-id=\"c535a6e\" data-element_type=\"container\">\n\t\t\t\t\t<div class=\"e-con-inner\">\n\t\t\t\t<div class=\"elementor-element elementor-element-f224c8f elementor-widget elementor-widget-heading\" data-id=\"f224c8f\" data-element_type=\"widget\" data-widget_type=\"heading.default\">\n\t\t\t\t\t<h2 class=\"elementor-heading-title elementor-size-default\">Privacy Policy<\/h2>\t\t\t\t<\/div>\n\t\t\t\t<div class=\"elementor-element elementor-element-ce4aebf elementor-widget elementor-widget-text-editor\" data-id=\"ce4aebf\" data-element_type=\"widget\" data-widget_type=\"text-editor.default\">\n\t\t\t\t\t\t\t\t\t<p>\u00daltima actualizaci\u00f3n: 2 de febrero de 2024.<\/p><p>Su privacidad es importante para nosotros.<\/p><p>No solicitamos su informaci\u00f3n personal a menos que realmente la necesitemos.<\/p><p>Es pol\u00edtica de AKTEK Inc respetar su privacidad con respecto a cualquier informaci\u00f3n que podamos recopilar de usted en nuestro sitio web, <a href=\"https:\/\/aktek.io\/es\/?hsLang=en\" rel=\"noopener\">https:\/\/www.aktek.io<\/a>.<\/p><p>AKTEK Inc is a company registered in Delaware, USA. We are a \u2018data controller\u2019 of the personal data submitted by visitors to our website and collected by us through such visits.<\/p><p>Esta pol\u00edtica (junto con nuestros T\u00e9rminos de Servicio) establece las bases sobre las cuales procesaremos cualquier dato personal que recopilemos de usted o que usted nos proporcione. Por favor, lea atentamente lo siguiente para entender nuestros puntos de vista y pr\u00e1cticas con respecto a sus datos personales y c\u00f3mo los trataremos.<\/p><h3 id=\"log-data\"><strong>DATOS DE REGISTRO<\/strong><\/h3><p>Registramos informaci\u00f3n general sobre su navegador cada vez que visita nuestro sitio web. Esta informaci\u00f3n puede incluir la direcci\u00f3n de Protocolo de Internet (IP) de su ordenador, el tipo y la versi\u00f3n de su navegador, las p\u00e1ginas que visita en nuestro sitio, la hora y la fecha de su visita y el tiempo pasado en cada p\u00e1gina.<\/p><p>Como la mayor\u00eda de los operadores de sitios web, recopilamos estos datos para comprender mejor c\u00f3mo utilizan nuestros visitantes nuestros servicios y c\u00f3mo podemos mejorar su experiencia en nuestro sitio web en el futuro. No compartimos detalles espec\u00edficos de los datos p\u00fablicamente, pero podemos revelar versiones agregadas y anonimizadas de esta informaci\u00f3n, por ejemplo, en informes de tendencias de uso del sitio web.<\/p><h3 id=\"personal-information\"><strong>INFORMACI\u00d3N PERSONAL<\/strong><\/h3><p>Podemos solicitarle informaci\u00f3n personal, como su nombre, correo electr\u00f3nico, direcci\u00f3n, datos de contacto y detalles de pago. Solo recopilamos la informaci\u00f3n personal pertinente para prestarle un servicio, y utilizamos su informaci\u00f3n \u00fanicamente para garantizar el cumplimiento de dicho servicio. Usted es libre de rechazar nuestra solicitud de informaci\u00f3n personal, en el entendido de que es posible que no podamos proporcionarle algunos de los servicios deseados sin esta informaci\u00f3n.<\/p><p>Tambi\u00e9n es posible que deseemos proporcionarle informaci\u00f3n relevante sobre cualquier servicio o evento que creamos que pueda ser de su inter\u00e9s. Si prefiere no recibir esta informaci\u00f3n, p\u00f3ngase en contacto con nosotros en\u00a0<a href=\"mailto:enquiries@aktek.io\">enquiries@aktek.io<\/a>\u00a0o siga las instrucciones para \"darse de baja\" que incluiremos cuando nos pongamos en contacto con usted.<\/p><p>Si acepta que le proporcionemos informaci\u00f3n de marketing, siempre podr\u00e1 optar por no recibirla en una fecha posterior.<\/p><h3 id=\"where-we-store-your-personal-data\"><strong>D\u00d3NDE ALMACENAMOS SUS DATOS PERSONALES<\/strong><\/h3><p>Toda la informaci\u00f3n que nos proporciona se almacena en nuestros servidores seguros o en los de nuestros procesadores autorizados. Cualquier transacci\u00f3n de pago ser\u00e1 gestionada por nuestro banco. En los casos en que le hayamos proporcionado (o usted haya elegido) una contrase\u00f1a que le permita acceder a determinadas partes de nuestro sitio, usted es responsable de mantener la confidencialidad de dicha contrase\u00f1a. Le pedimos que no comparta la contrase\u00f1a con nadie.<\/p><h3 id=\"disclosure-of-your-information\"><strong>DIVULGACI\u00d3N DE SU INFORMACI\u00d3N<\/strong><\/h3><p>No vendemos, alquilamos, compartimos ni ponemos a disposici\u00f3n del p\u00fablico intencionadamente ninguna informaci\u00f3n de identificaci\u00f3n individual o agregada.<\/p><p>Tambi\u00e9n podemos divulgar su informaci\u00f3n personal si tenemos el deber de revelar o compartir sus datos personales para cumplir con cualquier obligaci\u00f3n legal, o para hacer cumplir o aplicar nuestros t\u00e9rminos de uso o acuerdos de licencia; o para proteger los derechos, la propiedad o la seguridad de AKTEK Inc, nuestros clientes u otros. Esto incluye el intercambio de informaci\u00f3n con otras empresas y organizaciones con el fin de proteger contra el fraude y reducir el riesgo crediticio.<\/p><h3 id=\"how-long-we-keep-your-information\"><strong>CU\u00c1NTO TIEMPO CONSERVAMOS SU INFORMACI\u00d3N<\/strong><\/h3><p>Para los visitantes de nuestro sitio web, por lo general conservaremos sus datos durante un per\u00edodo de 3 a\u00f1os, tras lo cual se eliminar\u00e1n de nuestros sistemas si ya no son necesarios para el fin l\u00edcito para el que se obtuvieron.<\/p><p>Para otros casos, solo conservaremos sus datos personales en la medida en que necesitemos conservarlos o mientras sea necesario seg\u00fan otras obligaciones legales y reglamentarias a las que estemos sujetos. Se aplican diferentes per\u00edodos de conservaci\u00f3n para distintos tipos de datos; sin embargo, el tiempo m\u00e1ximo que normalmente conservaremos sus datos es de 6 a\u00f1os despu\u00e9s de haber dejado de prestarle servicios.<\/p><h3 id=\"your-rights\"><strong>SUS DERECHOS<\/strong><\/h3><p>En virtud del Reglamento General de Protecci\u00f3n de Datos (RGPD) y la Ley de Protecci\u00f3n de Datos de 2018 (DPA), usted tiene una serie de derechos en relaci\u00f3n con sus datos personales. Tiene derecho a solicitarnos el acceso, la rectificaci\u00f3n o la supresi\u00f3n de sus datos personales, el derecho a restringir el tratamiento, a oponerse al mismo, as\u00ed como, en determinadas circunstancias, el derecho a la portabilidad de los datos.<\/p><p>Si ha dado su consentimiento para el tratamiento de sus datos, tiene derecho (en determinadas circunstancias) a retirar ese consentimiento en cualquier momento, lo cual no afectar\u00e1 a la licitud del tratamiento realizado antes de que se retirara su consentimiento.<\/p><p>Tiene derecho a presentar una reclamaci\u00f3n ante la Oficina del Comisionado de Informaci\u00f3n (ICO) si considera que no hemos cumplido con los requisitos del RGPD o la DPA con respecto a sus datos personales.<\/p><p>Por favor, p\u00f3ngase en contacto con nosotros en\u00a0<a href=\"mailto:enquiries@aktek.io\">enquiries@aktek.io<\/a>\u00a0si tiene alguna duda en relaci\u00f3n con sus derechos.<\/p><h3 id=\"cookies\"><strong>COOKIES<\/strong><\/h3><p>Utilizamos \"cookies\" para recopilar informaci\u00f3n sobre usted y su actividad en nuestro sitio. Una cookie es una peque\u00f1a pieza de datos que nuestro sitio web almacena en su ordenador, y a la que accede cada vez que usted lo visita, para que podamos entender c\u00f3mo utiliza nuestro sitio y ofrecerle contenidos basados en las preferencias que haya especificado.<\/p><p>Please see our Cookie Policy for more details.<\/p><h3 id=\"third-party-services\"><strong>SERVICIOS DE TERCEROS<\/strong><\/h3><p>Podemos emplear a empresas e individuos de terceros en nuestros sitios web; por ejemplo, proveedores de an\u00e1lisis y socios de contenido. Estos solo tienen acceso a la informaci\u00f3n personal que necesitan para realizar dichos servicios. Se les exige que mantengan su informaci\u00f3n personal segura y confidencial y solo pueden utilizarla seg\u00fan lo permitido por nosotros de acuerdo con esta Pol\u00edtica de Privacidad.<\/p><p>Los terceros que prestan servicios en nuestro nombre pertenecen a las siguientes categor\u00edas:<\/p><ul><li>Otras empresas del grupo AKTEK.<\/li><li>Nuestros socios o asesores con el fin de completar o investigar una transacci\u00f3n con usted o responder a una pregunta que nos plantee.<\/li><li>Los proveedores de servicios que operan este sitio en nuestro nombre.<\/li><\/ul><p>Dichos terceros con los que compartimos su informaci\u00f3n personal pueden manejar o transferir su informaci\u00f3n personal fuera del Reino Unido y fuera del EEE (por ejemplo, EE. UU.). Nos aseguramos de que tanto cualquier transferencia de su informaci\u00f3n personal por nuestra parte a cualquier tercero como nuestro manejo de su informaci\u00f3n personal cumplan con todas las leyes de protecci\u00f3n de datos aplicables.<\/p><h3 id=\"our-third-party-privacy-promise\"><strong><em>Nuestra promesa de privacidad con terceros<\/em><\/strong><\/h3><p>Revisamos las pol\u00edticas de privacidad de todos nuestros proveedores externos antes de contratar sus servicios para asegurar que sus pr\u00e1cticas coinciden con las nuestras. Nunca incluiremos a sabiendas servicios de terceros que comprometan o violen la privacidad de nuestros usuarios.<\/p><h3 id=\"security\"><strong>SEGURIDAD<\/strong><\/h3><p>Nos tomamos la seguridad en serio y hacemos lo que est\u00e1 a nuestro alcance, dentro de los medios comercialmente aceptables, para proteger su informaci\u00f3n personal contra p\u00e9rdida o robo, as\u00ed como contra el acceso, la divulgaci\u00f3n, la copia, el uso o la modificaci\u00f3n no autorizados. Dicho esto, advertimos que ning\u00fan m\u00e9todo de transmisi\u00f3n o almacenamiento electr\u00f3nico es 100% seguro y no podemos garantizar la seguridad absoluta de sus datos.<\/p><h3 id=\"links-to-other-sites\"><strong>ENLACES A OTROS SITIOS<\/strong><\/h3><p>Nuestro sitio web puede enlazar con sitios externos que no son operados por nosotros. Tenga en cuenta que no tenemos control sobre el contenido y las pr\u00e1cticas de estos sitios, y no podemos asumir la responsabilidad del tratamiento que den a su informaci\u00f3n personal. Esta pol\u00edtica de privacidad solo cubre nuestro sitio web y nuestras pr\u00e1cticas de privacidad.<\/p><h3 id=\"children\u2019s-privacy\"><strong>PRIVACIDAD DE LOS NI\u00d1OS<\/strong><\/h3><p>No recopilamos ni almacenamos conscientemente informaci\u00f3n personal de ni\u00f1os. Si cree que su hijo nos ha proporcionado informaci\u00f3n personal, le animamos a que se ponga en contacto con nosotros inmediatamente y eliminaremos los datos lo antes posible.<\/p><h3 id=\"changes-to-our-privacy-policy\"><strong>CAMBIOS EN NUESTRA POL\u00cdTICA DE PRIVACIDAD<\/strong><\/h3><p>A nuestra discreci\u00f3n, podemos cambiar nuestra pol\u00edtica de privacidad de vez en cuando. El uso continuado de este sitio tras cualquier cambio en esta pol\u00edtica se considerar\u00e1 como la aceptaci\u00f3n de nuestras pr\u00e1cticas en materia de privacidad e informaci\u00f3n personal.<\/p><h3 id=\"business-transfers\"><strong>TRANSFERENCIAS DE NEGOCIO<\/strong><\/h3><p>Si nosotros o nuestros activos son adquiridos, o en el caso poco probable de que cerremos el negocio o entremos en bancarrota, incluir\u00edamos la informaci\u00f3n de los usuarios entre los activos transferidos o adquiridos por un tercero. Usted reconoce que tales transferencias pueden ocurrir y que cualquier parte que nos adquiera puede continuar utilizando su informaci\u00f3n personal de acuerdo con esta pol\u00edtica.<\/p><h3 id=\"cookie-policy\"><strong>POL\u00cdTICA DE COOKIES<\/strong><\/h3><p>Utilizamos cookies para ayudarnos a mejorar su experiencia en nuestro sitio web,\u00a0<a href=\"https:\/\/aktek.io\/es\/?hsLang=en\">https:\/\/aktek.io<\/a>Esta pol\u00edtica de cookies forma parte de nuestra pol\u00edtica de privacidad y cubre el uso de cookies entre su dispositivo y nuestro sitio. Tambi\u00e9n proporcionamos informaci\u00f3n b\u00e1sica sobre los servicios de terceros que podemos utilizar en nuestro sitio web, quienes tambi\u00e9n pueden utilizar cookies como parte de su servicio, aunque estos no est\u00e1n cubiertos por nuestra pol\u00edtica.<\/p><p>Si no desea aceptar nuestras cookies, debe configurar su navegador para que rechace las cookies de nuestro sitio web, bajo el entendimiento de que es posible que no podamos proporcionarle algunos de los contenidos y servicios deseados.<\/p><p>A nuestra discreci\u00f3n, podemos cambiar nuestra Pol\u00edtica de Cookies en cualquier momento. Cualquier cambio se reflejar\u00e1 aqu\u00ed, por lo que le recomendamos que visite esta p\u00e1gina con regularidad. Tambi\u00e9n notificaremos a nuestros usuarios registrados sobre las actualizaciones de nuestra pol\u00edtica. El uso continuado de este sitio tras cualquier cambio en esta pol\u00edtica se considerar\u00e1 como la aceptaci\u00f3n de nuestras pr\u00e1cticas de cookies tal como se describen.<\/p><h3 id=\"what-is-a-cookie\"><strong>\u00bfQU\u00c9 ES UNA COOKIE?<\/strong><\/h3><p>Una cookie es una peque\u00f1a pieza de datos que un sitio web almacena en su dispositivo cuando lo visita, que normalmente contiene informaci\u00f3n sobre el propio sitio web, un n\u00famero de identificaci\u00f3n \u00fanico que permite al sitio web reconocer su navegador cuando regresa, datos adicionales que sirven al prop\u00f3sito de la cookie y la vida \u00fatil de la propia cookie.<\/p><p>Las cookies se utilizan para habilitar ciertas funciones (por ejemplo, iniciar sesi\u00f3n), para rastrear el uso del sitio (por ejemplo, an\u00e1lisis), para almacenar su configuraci\u00f3n de usuario (por ejemplo, zona horaria, preferencias de notificaci\u00f3n) y para personalizar su contenido (por ejemplo, publicidad, idioma).<\/p><p>Las cookies establecidas por el sitio web que est\u00e1 visitando se denominan normalmente \"cookies de origen\" (first-party cookies) y, por lo general, solo rastrean su actividad en ese sitio en particular. Las cookies establecidas por otros sitios y empresas (es decir, terceros) se denominan \"cookies de terceros\" (third-party cookies) y pueden utilizarse para rastrearle en otros sitios web que utilizan el mismo servicio de terceros.<\/p><h3 id=\"types-of-cookies-and-how-we-use-them\"><strong>TIPOS DE COOKIES Y C\u00d3MO LAS UTILIZAMOS<\/strong><\/h3><h4 id=\"essential-cookies\"><strong>Cookies esenciales<\/strong><\/h4><p>Las cookies esenciales son cruciales para su experiencia en un sitio web, ya que permiten funciones b\u00e1sicas como el inicio de sesi\u00f3n de usuarios, la gesti\u00f3n de cuentas, los carritos de compra y el procesamiento de pagos. Utilizamos cookies esenciales para habilitar ciertas funciones en nuestro sitio web.<\/p><h4 id=\"performance-cookies\"><strong>Cookies de rendimiento<\/strong><\/h4><p>Las cookies de rendimiento se utilizan para realizar un seguimiento de c\u00f3mo utiliza un sitio web durante su visita sin recopilar informaci\u00f3n personal sobre usted. Por lo general, esta informaci\u00f3n es an\u00f3nima y se agrega a la informaci\u00f3n rastreada de todos los usuarios del sitio para ayudar a las empresas a comprender los patrones de uso de los visitantes, identificar y diagnosticar problemas o errores que sus usuarios puedan encontrar, y tomar mejores decisiones estrat\u00e9gicas para mejorar la experiencia general del sitio web de su audiencia. Estas cookies pueden ser establecidas por el sitio web que est\u00e1 visitando (propias) o por servicios de terceros. Utilizamos cookies de rendimiento en nuestro sitio.<\/p><h4 id=\"functionality-cookies\"><strong>Cookies de funcionalidad<\/strong><\/h4><p>Las cookies de funcionalidad se utilizan para recopilar informaci\u00f3n sobre su dispositivo y cualquier ajuste que pueda configurar en el sitio web que est\u00e1 visitando (como la configuraci\u00f3n de idioma y zona horaria). Con esta informaci\u00f3n, los sitios web pueden proporcionarle contenidos y servicios personalizados, mejorados u optimizados. Estas cookies pueden ser establecidas por el sitio web que est\u00e1 visitando (propias) o por servicios de terceros. Utilizamos cookies de funcionalidad para funciones seleccionadas en nuestro sitio.<\/p><h3 id=\"third-party-cookies-on-our-site\"><strong>COOKIES DE TERCEROS EN NUESTRO SITIO<\/strong><\/h3><p>Podemos emplear a empresas e individuos de terceros en nuestros sitios web; por ejemplo, proveedores de an\u00e1lisis y socios de contenido. Concedemos a estos terceros acceso a informaci\u00f3n seleccionada para realizar tareas espec\u00edficas en nuestro nombre. Tambi\u00e9n pueden establecer cookies de terceros para prestar los servicios que proporcionan. Las cookies de terceros pueden utilizarse para rastrearle en otros sitios web que utilicen el mismo servicio de terceros. Como no tenemos control sobre las cookies de terceros, estas no est\u00e1n cubiertas por la pol\u00edtica de cookies de AKTEK Inc.<\/p><h3 id=\"how-you-can-control-or-opt-out-of-cookies\"><strong>C\u00d3MO PUEDE CONTROLAR O RECHAZAR LAS COOKIES<\/strong><\/h3><p>Si no desea aceptar nuestras cookies, puede dar instrucciones a su navegador para que rechace las cookies de nuestro sitio web. La mayor\u00eda de los navegadores est\u00e1n configurados para aceptar cookies de forma predeterminada, pero puede actualizar estos ajustes para rechazar las cookies por completo o para que se le notifique cuando un sitio web intenta establecer o actualizar una cookie. Si navega por sitios web desde varios dispositivos, es posible que tenga que actualizar la configuraci\u00f3n en cada dispositivo individual.<\/p><p>Aunque algunas cookies pueden bloquearse con poco impacto en su experiencia en un sitio web, el bloqueo de todas las cookies puede significar que no pueda acceder a ciertas caracter\u00edsticas y contenidos en los sitios que visite. Para obtener m\u00e1s informaci\u00f3n sobre las cookies y c\u00f3mo desactivarlas, visite la p\u00e1gina web de la Oficina del Comisionado de Informaci\u00f3n (ICO) sobre cookies:\u00a0<a href=\"https:\/\/ico.org.uk\/for-the-public\/online\/cookies\/\">https:\/\/ico.org.uk\/for-the-public\/online\/cookies\/<\/a>.<\/p><p>Si desea obtener m\u00e1s informaci\u00f3n sobre las cookies y c\u00f3mo gestionarlas, visite\u00a0<a href=\"http:\/\/www.aboutcookies.org\/\">http:\/\/www.aboutcookies.org\/<\/a>.<\/p><h3 id=\"contacting-us\"><strong>CONTACTO<\/strong><\/h3><p>Si tiene alguna pregunta, comentario o solicitud con respecto a la Pol\u00edtica de Privacidad, p\u00f3ngase en contacto con nosotros en\u00a0<a href=\"mailto:enquiries@aktek.io\">enquiries@aktek.io<\/a>\u00a0o escribiendo a la direcci\u00f3n postal indicada anteriormente.<\/p>\t\t\t\t\t\t\t\t<\/div>\n\t\t\t\t\t<\/div>\n\t\t\t\t<\/div>\n\t\t\t\t<\/div>","protected":false},"excerpt":{"rendered":"<p>Privacy Policy Last updated 2 February 2024. Your privacy is important to us. We don\u2019t ask for your personal information unless we truly need it. It is AKTEK Inc&#8217;s policy to respect your privacy regarding any information we may collect from you across our website, https:\/\/www.aktek.io. AKTEK Inc is a company registered in Delaware, USA. &#8230; <a title=\"Privacy Policy\" class=\"read-more\" href=\"https:\/\/aktek.io\/es\/privacy-policy\/\" aria-label=\"Leer m\u00e1s sobre Privacy Policy\">Leer m\u00e1s<\/a><\/p>","protected":false},"author":1,"featured_media":0,"parent":0,"menu_order":0,"comment_status":"closed","ping_status":"closed","template":"","meta":{"_acf_changed":false,"footnotes":""},"class_list":["post-1183","page","type-page","status-publish"],"acf":[],"yoast_head":"<!-- This site is optimized with the Yoast SEO Premium plugin v26.6 (Yoast SEO v26.6) - https:\/\/yoast.com\/wordpress\/plugins\/seo\/ -->\n<title>Privacy Policy - AKTEK<\/title>\n<meta name=\"robots\" content=\"index, follow, max-snippet:-1, max-image-preview:large, max-video-preview:-1\" \/>\n<link rel=\"canonical\" href=\"https:\/\/aktek.io\/es\/privacy-policy\/\" \/>\n<meta property=\"og:locale\" content=\"es_ES\" \/>\n<meta property=\"og:type\" content=\"article\" \/>\n<meta property=\"og:title\" content=\"Privacy Policy\" \/>\n<meta property=\"og:description\" content=\"Privacy Policy Last updated 2 February 2024. Your privacy is important to us. We don\u2019t ask for your personal information unless we truly need it. It is AKTEK Inc&#8217;s policy to respect your privacy regarding any information we may collect from you across our website, https:\/\/www.aktek.io. AKTEK Inc is a company registered in Delaware, USA. ... Leer m\u00e1s\" \/>\n<meta property=\"og:url\" content=\"https:\/\/aktek.io\/es\/privacy-policy\/\" \/>\n<meta property=\"og:site_name\" content=\"AKTEK\" \/>\n<meta property=\"article:modified_time\" content=\"2026-03-10T20:26:36+00:00\" \/>\n<meta name=\"twitter:card\" content=\"summary_large_image\" \/>\n<meta name=\"twitter:label1\" content=\"Tiempo de lectura\" \/>\n\t<meta name=\"twitter:data1\" content=\"10 minutos\" \/>\n<script type=\"application\/ld+json\" class=\"yoast-schema-graph\">{\"@context\":\"https:\/\/schema.org\",\"@graph\":[{\"@type\":\"WebPage\",\"@id\":\"https:\/\/aktek.io\/es\/privacy-policy\/\",\"url\":\"https:\/\/aktek.io\/es\/privacy-policy\/\",\"name\":\"Privacy Policy - AKTEK\",\"isPartOf\":{\"@id\":\"https:\/\/www.aktek.io\/#website\"},\"datePublished\":\"2026-01-13T06:12:10+00:00\",\"dateModified\":\"2026-03-10T20:26:36+00:00\",\"breadcrumb\":{\"@id\":\"https:\/\/aktek.io\/es\/privacy-policy\/#breadcrumb\"},\"inLanguage\":\"es\",\"potentialAction\":[{\"@type\":\"ReadAction\",\"target\":[\"https:\/\/aktek.io\/es\/privacy-policy\/\"]}]},{\"@type\":\"BreadcrumbList\",\"@id\":\"https:\/\/aktek.io\/es\/privacy-policy\/#breadcrumb\",\"itemListElement\":[{\"@type\":\"ListItem\",\"position\":1,\"name\":\"Home\",\"item\":\"https:\/\/aktek.io\/\"},{\"@type\":\"ListItem\",\"position\":2,\"name\":\"Privacy Policy\"}]},{\"@type\":\"WebSite\",\"@id\":\"https:\/\/www.aktek.io\/#website\",\"url\":\"https:\/\/www.aktek.io\/\",\"name\":\"AKTEK\",\"description\":\"Advanced intelligence and technology solutions to protect people, assets, and operations.\",\"potentialAction\":[{\"@type\":\"SearchAction\",\"target\":{\"@type\":\"EntryPoint\",\"urlTemplate\":\"https:\/\/www.aktek.io\/?s={search_term_string}\"},\"query-input\":{\"@type\":\"PropertyValueSpecification\",\"valueRequired\":true,\"valueName\":\"search_term_string\"}}],\"inLanguage\":\"es\"}]}<\/script>\n<!-- \/ Yoast SEO Premium plugin. -->","yoast_head_json":{"title":"Privacy Policy - AKTEK","robots":{"index":"index","follow":"follow","max-snippet":"max-snippet:-1","max-image-preview":"max-image-preview:large","max-video-preview":"max-video-preview:-1"},"canonical":"https:\/\/aktek.io\/es\/privacy-policy\/","og_locale":"es_ES","og_type":"article","og_title":"Privacy Policy","og_description":"Privacy Policy Last updated 2 February 2024. Your privacy is important to us. We don\u2019t ask for your personal information unless we truly need it. It is AKTEK Inc&#8217;s policy to respect your privacy regarding any information we may collect from you across our website, https:\/\/www.aktek.io. AKTEK Inc is a company registered in Delaware, USA. ... Leer m\u00e1s","og_url":"https:\/\/aktek.io\/es\/privacy-policy\/","og_site_name":"AKTEK","article_modified_time":"2026-03-10T20:26:36+00:00","twitter_card":"summary_large_image","twitter_misc":{"Tiempo de lectura":"10 minutos"},"schema":{"@context":"https:\/\/schema.org","@graph":[{"@type":"WebPage","@id":"https:\/\/aktek.io\/es\/privacy-policy\/","url":"https:\/\/aktek.io\/es\/privacy-policy\/","name":"Privacy Policy - AKTEK","isPartOf":{"@id":"https:\/\/www.aktek.io\/#website"},"datePublished":"2026-01-13T06:12:10+00:00","dateModified":"2026-03-10T20:26:36+00:00","breadcrumb":{"@id":"https:\/\/aktek.io\/es\/privacy-policy\/#breadcrumb"},"inLanguage":"es","potentialAction":[{"@type":"ReadAction","target":["https:\/\/aktek.io\/es\/privacy-policy\/"]}]},{"@type":"BreadcrumbList","@id":"https:\/\/aktek.io\/es\/privacy-policy\/#breadcrumb","itemListElement":[{"@type":"ListItem","position":1,"name":"Home","item":"https:\/\/aktek.io\/"},{"@type":"ListItem","position":2,"name":"Privacy Policy"}]},{"@type":"WebSite","@id":"https:\/\/www.aktek.io\/#website","url":"https:\/\/www.aktek.io\/","name":"En AKTEK, nos enorgullecemos de llevar los beneficios del No-Code a la pr\u00f3xima generaci\u00f3n de empresas digitales, sin sacrificar los controles de datos ni los flujos de trabajo avanzados.","description":"Advanced intelligence and technology solutions to protect people, assets, and operations.","potentialAction":[{"@type":"SearchAction","target":{"@type":"EntryPoint","urlTemplate":"https:\/\/www.aktek.io\/?s={search_term_string}"},"query-input":{"@type":"PropertyValueSpecification","valueRequired":true,"valueName":"search_term_string"}}],"inLanguage":"es"}]}},"_links":{"self":[{"href":"https:\/\/aktek.io\/es\/wp-json\/wp\/v2\/pages\/1183","targetHints":{"allow":["GET"]}}],"collection":[{"href":"https:\/\/aktek.io\/es\/wp-json\/wp\/v2\/pages"}],"about":[{"href":"https:\/\/aktek.io\/es\/wp-json\/wp\/v2\/types\/page"}],"author":[{"embeddable":true,"href":"https:\/\/aktek.io\/es\/wp-json\/wp\/v2\/users\/1"}],"replies":[{"embeddable":true,"href":"https:\/\/aktek.io\/es\/wp-json\/wp\/v2\/comments?post=1183"}],"version-history":[{"count":13,"href":"https:\/\/aktek.io\/es\/wp-json\/wp\/v2\/pages\/1183\/revisions"}],"predecessor-version":[{"id":2250,"href":"https:\/\/aktek.io\/es\/wp-json\/wp\/v2\/pages\/1183\/revisions\/2250"}],"wp:attachment":[{"href":"https:\/\/aktek.io\/es\/wp-json\/wp\/v2\/media?parent=1183"}],"curies":[{"name":"wp","href":"https:\/\/api.w.org\/{rel}","templated":true}]}}